{"id":956,"date":"2024-01-06T18:49:24","date_gmt":"2024-01-06T18:49:24","guid":{"rendered":"https:\/\/www.monchiendereve.ca\/?page_id=956"},"modified":"2024-01-06T18:49:26","modified_gmt":"2024-01-06T18:49:26","slug":"les-casse-tetes-et-les-jeux-cerebraux","status":"publish","type":"page","link":"https:\/\/www.monchiendereve.ca\/index.php\/entrainement-par-concept\/les-casse-tetes-et-les-jeux-cerebraux\/","title":{"rendered":"Les casse-t\u00eates et les jeux c\u00e9r\u00e9braux"},"content":{"rendered":"\n<p><strong>Mais&#8230; qu&rsquo;est-ce que c&rsquo;est ?<\/strong><\/p>\n\n\n\n<p>Il s&rsquo;agit d&rsquo;une activit\u00e9 o\u00f9 le chien recherche de la nourriture dissimul\u00e9e dans divers tissus et mat\u00e9riaux, tout en r\u00e9solvant des casse-t\u00eates de diff\u00e9rents niveaux de difficult\u00e9. Cette approche vise \u00e0 <strong>accro\u00eetre l&rsquo;intelligence du chien<\/strong>\ud83e\udde0\ud83e\uddbe<strong>,<\/strong> \u00e0 l&rsquo;inciter \u00e0 r\u00e9fl\u00e9chir pour atteindre un r\u00e9sultat, et \u00e0 lui enseigner la concentration n\u00e9cessaire pour r\u00e9ussir ses objectifs.<\/p>\n\n\n\n<figure class=\"wp-block-image size-full\"><img loading=\"lazy\" decoding=\"async\" width=\"498\" height=\"309\" src=\"https:\/\/www.monchiendereve.ca\/wp-content\/uploads\/2023\/12\/ILoveYouIlyGIF.gif\" alt=\"\" class=\"wp-image-975\"\/><\/figure>\n\n\n\n<p>La plupart des chiens sont naturellement enclins au travail, que ce soit la recherche, le rassemblement de moutons, la chasse, etc. Ils ont besoin de stimuler leur cerveau \u2013 et oui, tous les chiens en ont un&#8230; \ud83e\uddae\ud83e\udde0\ud83e\udde0\ud83e\ude81 C&rsquo;est un exercice mental qui combine amusement, d\u00e9tente et stimulation. Nos compagnons canins, en g\u00e9n\u00e9ral, peuvent s&rsquo;ennuyer, ce qui peut entra\u00eener du stress et des probl\u00e8mes comportementaux. Ils ont besoin d&rsquo;activit\u00e9s enrichissantes tout au long de la journ\u00e9e, et ces jeux offrent une stimulation compl\u00e8te.<\/p>\n\n\n\n<p><br><strong>Des jeux, des r\u00e9sultats ! <\/strong><\/p>\n\n\n\n<ul class=\"wp-block-list\">\n<li>Il s&rsquo;agit d&rsquo;un exercice mental qui stimule tous les sens du chien.<\/li>\n\n\n\n<li>Il contribue \u00e0 r\u00e9duire l&rsquo;anxi\u00e9t\u00e9 (et cela fonctionne vraiment).<\/li>\n\n\n\n<li>Il renforce l&rsquo;optimisme et la confiance du chien, l&rsquo;aidant \u00e0 prendre de meilleures d\u00e9cisions.<\/li>\n\n\n\n<li>C&rsquo;est une activit\u00e9 coop\u00e9rative qui resserre les liens entre l&rsquo;humain et son chien.<\/li>\n\n\n\n<li>Il aide les chiens \u00e2g\u00e9s \u00e0 rester en forme tant physiquement que <strong>cognitivement<\/strong>.<\/li>\n\n\n\n<li>Il encourage les chiots \u00e0 explorer leur monde de mani\u00e8re optimiste.<\/li>\n\n\n\n<li>Il aide les adolescents canins \u00e0 d\u00e9velopper leur concentration (<em>On sait qu&rsquo;ils en ont besoin hihi<\/em>)<\/li>\n\n\n\n<li>Il propose des exercices mentaux pour les chiens en convalescence ou pr\u00e9sentant des limitations physiques *(<em>\u00e0 \u00e9viter si le chien est en souffrance<\/em>).<\/li>\n\n\n\n<li>Ils fournissent des informations pr\u00e9cieuses sur le comportement de votre chien.<\/li>\n\n\n\n<li>Les casse-t\u00eates <strong>soutiennent <\/strong>l&rsquo;entra\u00eenement normal et comportemental. (ne remplace pas!)<\/li>\n\n\n\n<li>Si vous avez des enfants, ils peuvent faire les casse t\u00eates de votre chien ! Ajoutant ainsi de l&rsquo;enrichissement pour eux aussi. (<em>Sous supervision surtout si jeune<\/em>)<\/li>\n<\/ul>\n\n\n\n<p><em>P.S. Si votre chien est en douleur, il peut exprimer le d\u00e9sir de jouer, mais cela pourrait l&rsquo;\u00e9puiser, retardant ainsi sa gu\u00e9rison. Il est crucial de faire preuve de prudence dans de telles situations.<\/em><\/p>\n\n\n\n<p><strong>Comment cherche-t-il ?<\/strong> <br>Chacun a sa propre fa\u00e7on. Certains se fient uniquement \u00e0 leur nez, tandis que d&rsquo;autres \u00ab\u00a0creusent\u00a0\u00bb avec leurs pattes ou soul\u00e8vent des objets avec leur bouche. Bien s\u00fbr, il existe de nombreux chiens multit\u00e2ches qui utilisent une combinaison de ces m\u00e9thodes (nez, pattes, bouche).<\/p>\n\n\n\n<p>Bien que cela puisse sembler juste divertissant, cette activit\u00e9 offre bien plus \u00e0 votre chien. Elle a le potentiel de v\u00e9ritablement transformer son comportement et de contribuer \u00e0 la r\u00e9duction de son stress. Nous enrichissons ces comp\u00e9tences, redonnons \u00e0 nos compagnons la possibilit\u00e9 d&rsquo;exprimer leurs besoins inn\u00e9s, les aidons \u00e0 d\u00e9velopper leur intelligence, et contribuons \u00e0 pr\u00e9venir le d\u00e9clin cognitif. Que demander de mieux ?<\/p>\n\n\n\n<p>Il existe \u00e9videmment de nombreux casse-t\u00eates commerciaux, mais ils sont souvent co\u00fbteux. Lorsqu&rsquo;on en ach\u00e8te un ou deux, ils deviennent rapidement redondants pour le chien. De plus, les casse-t\u00eates du commerce ne sont souvent pas sp\u00e9cifiquement adapt\u00e9s \u00e0 <strong>VOTRE<\/strong> chien, ni \u00e0 son niveau. Cela pourrait non seulement d\u00e9courager votre chien, mais \u00e9galement vous dissuader de les utiliser. Ainsi, la facette de la m\u00e9thode Hersenwerk que j&#8217;emploie se distingue par son aspect \u00e9cologique et \u00e9conomique. transformant notre magasin principal en simplement nos armoires, les jouets des enfants et la bo\u00eete de recyclage.  (J&rsquo;avoue que le magasin Dollarama est \u00e9galement une excellente source de trouvailles pour moi.) Tout peut \u00eatre converti en casse-t\u00eate, avec diff\u00e9rents niveaux de difficult\u00e9, en respectant les pr\u00e9f\u00e9rences individuelles de votre chien.<\/p>\n\n\n\n<p>J&rsquo;adopte une approche combin\u00e9e en utilisant une vari\u00e9t\u00e9 de jeux d&rsquo;Absolute Dogs, des formations diverses sur la stimulation de l&rsquo;intelligence canine, La neuroscience chez le chien, G\u00e9nie Canin, ainsi que ma formation sur la m\u00e9thode Hersenwerk.<\/p>\n\n\n\n<p><br>Alors, \u00eates-vous int\u00e9ress\u00e9(e) ? Sur Facebook, je vais lancer des \u00ab\u00a0d\u00e9fis\u00a0\u00bb gratuits de casse-t\u00eates th\u00e9matiques. Rejoignez-nous ! https:\/\/www.facebook.com\/profile.php?id=61554149754322<\/p>\n\n\n\n<p><br>J&rsquo;offre \u00e9galement des formations individuelles ou en petits groupes pour apprendre \u00e0 cr\u00e9er vos propres casse-t\u00eates, \u00e0 observer le d\u00e9veloppement de votre chien, \u00e0 comprendre o\u00f9 il se situe, et \u00e0 d\u00e9couvrir comment le guider dans la r\u00e9solution des jeux d&rsquo;intelligence. N&rsquo;h\u00e9sitez pas \u00e0 me contacter pour plus d&rsquo;informations ! \ud83d\ude42<br>Email : monchiendereve@gmail.com<br>Facebook: https:\/\/www.facebook.com\/profile.php?id=61554149754322<br><\/p>\n","protected":false},"excerpt":{"rendered":"<p>Mais&#8230; qu&rsquo;est-ce que c&rsquo;est ? Il s&rsquo;agit d&rsquo;une activit\u00e9 o\u00f9 le chien recherche de la nourriture dissimul\u00e9e dans divers tissus et mat\u00e9riaux, tout en r\u00e9solvant des casse-t\u00eates de diff\u00e9rents niveaux de difficult\u00e9. Cette approche vise \u00e0 accro\u00eetre l&rsquo;intelligence du chien\ud83e\udde0\ud83e\uddbe, \u00e0 l&rsquo;inciter \u00e0 r\u00e9fl\u00e9chir pour atteindre un r\u00e9sultat, et \u00e0 lui enseigner la concentration n\u00e9cessaire&#8230;<\/p>\n","protected":false},"author":1,"featured_media":1004,"parent":146,"menu_order":1,"comment_status":"closed","ping_status":"closed","template":"","meta":{"iawp_total_views":83,"footnotes":""},"class_list":["post-956","page","type-page","status-publish","has-post-thumbnail","hentry"],"_links":{"self":[{"href":"https:\/\/www.monchiendereve.ca\/index.php\/wp-json\/wp\/v2\/pages\/956","targetHints":{"allow":["GET"]}}],"collection":[{"href":"https:\/\/www.monchiendereve.ca\/index.php\/wp-json\/wp\/v2\/pages"}],"about":[{"href":"https:\/\/www.monchiendereve.ca\/index.php\/wp-json\/wp\/v2\/types\/page"}],"author":[{"embeddable":true,"href":"https:\/\/www.monchiendereve.ca\/index.php\/wp-json\/wp\/v2\/users\/1"}],"replies":[{"embeddable":true,"href":"https:\/\/www.monchiendereve.ca\/index.php\/wp-json\/wp\/v2\/comments?post=956"}],"version-history":[{"count":22,"href":"https:\/\/www.monchiendereve.ca\/index.php\/wp-json\/wp\/v2\/pages\/956\/revisions"}],"predecessor-version":[{"id":1003,"href":"https:\/\/www.monchiendereve.ca\/index.php\/wp-json\/wp\/v2\/pages\/956\/revisions\/1003"}],"up":[{"embeddable":true,"href":"https:\/\/www.monchiendereve.ca\/index.php\/wp-json\/wp\/v2\/pages\/146"}],"wp:featuredmedia":[{"embeddable":true,"href":"https:\/\/www.monchiendereve.ca\/index.php\/wp-json\/wp\/v2\/media\/1004"}],"wp:attachment":[{"href":"https:\/\/www.monchiendereve.ca\/index.php\/wp-json\/wp\/v2\/media?parent=956"}],"curies":[{"name":"wp","href":"https:\/\/api.w.org\/{rel}","templated":true}]}}