{"id":273,"date":"2023-07-26T18:12:45","date_gmt":"2023-07-26T18:12:45","guid":{"rendered":"https:\/\/www.monchiendereve.ca\/?page_id=273"},"modified":"2023-08-13T16:18:24","modified_gmt":"2023-08-13T16:18:24","slug":"la-chaudiere-de-stress","status":"publish","type":"page","link":"https:\/\/www.monchiendereve.ca\/index.php\/entrainement-par-concept\/la-chaudiere-de-stress\/","title":{"rendered":"La chaudi\u00e8re de stress !"},"content":{"rendered":"\n<p>Cette m\u00e9taphore de chaudi\u00e8re m\u2019a tellement allum\u00e9e de lumi\u00e8res que je me devais de vous la partager ! Ce fut une r\u00e9v\u00e9lation. Je ne comprenais pas pourquoi, certaines journ\u00e9es, tous allaient tr\u00e8s mal et d\u2019autres, il fr\u00f4lait la perfection !  Depuis que j\u2019en tiens compte, cela va tellement mieux !<\/p>\n\n\n\n<p>Chaque chien (et chaque humain aussi!) a une chaudi\u00e8re, une capacit\u00e9 \u00e0 g\u00e9rer son stress. Plus il y a de stressant dans une journ\u00e9e, plus les chances d\u2019avoir une r\u00e9action d\u2019impatience, de peur, de frustration est probable. La chaudi\u00e8re d\u00e9borde, trop pleine. <\/p>\n\n\n\n<p>Vous savez, ces humains avec la m\u00e8che courte ?&nbsp; Comme pour l\u2019humain qui pourrait m\u00e9diter pour aider un retour au calme, il existe des moyens d\u2019aider \u00e0 vider la chaudi\u00e8re de votre chien.&nbsp; Chaque chien a une chaudi\u00e8re bien a lui.&nbsp; Certain ont un tr\u00e8s petit seau (voir un d\u00e9s \u00e0 coudre) d\u2019autres ont une \u00e9norme chaudi\u00e8re (les chanceux!).&nbsp;<br>Dans chaque chaudi\u00e8re, il y a un trou d\u2019\u00e9vacuation qui fait s\u2019\u00e9couler le stress naturellement, la nuit, en dormant. Mais ce n&rsquo;est pas toujours suffisant.  C\u2019est une \u00e9quation. S\u2019il entre plus de stress qui entre qu\u2019il n\u2019en sort, la chaudi\u00e8re va d\u00e9border ! Il y a des gros stress, mais aussi des petits qui s&rsquo;accumulent et c&rsquo;est le chien qui d\u00e9cide de l&rsquo;importance, de la grosseur d&rsquo;un stressant !<\/p>\n\n\n\n<p>Comment vider cette chaudi\u00e8re ?&nbsp; C\u2019est ici que l\u2019importance du calme et des enrichissements entre en jeux !&nbsp; Par exemple, Wicket est tr\u00e8s anxieux lors des visites chez les v\u00e9t\u00e9rinaires.&nbsp; Alors 72h avant et 72h apr\u00e8s, nous mettons en pratique les protocoles du calme (massage, Ttouch, tapis a l\u00e9cher, jeux de casse-t\u00eate, DMT, promenade a des heures plus calme et endroit \u00ab&nbsp;s\u00e9curis\u00e9&nbsp;\u00bb). On \u00e9vite le plus possible les stressant connu.&nbsp; Et cela fonctionne\u2026. Avant de mettre en pratique, lors des visites chez les v\u00e9t\u00e9rinaires, il tremblait, se cachait derri\u00e8re nous et refusait toutes les g\u00e2teries.&nbsp; Derni\u00e8rement, il reste a cot\u00e9 de moi et accepte les g\u00e2teries (en stress, lorsqu\u2019il a peur, un chien va refuser de manger). Il ne tremble plus. On peut maintenant commencer a l&rsquo;entrainer pour les visites v\u00e9t\u00e9rinaire !<\/p>\n\n\n\n<p>Vous pouvez <a href=\"http:\/\/www.monchiendereve.ca\/Documents\/stress.pdf\" target=\"_blank\" rel=\"noreferrer noopener\">t\u00e9l\u00e9charger le  PDF de la chaudi\u00e8re. <\/a><\/p>\n\n\n\n<figure class=\"wp-block-image size-large\"><img loading=\"lazy\" decoding=\"async\" width=\"1024\" height=\"771\" src=\"https:\/\/www.monchiendereve.ca\/wp-content\/uploads\/2023\/07\/stress-1024x771.jpg\" alt=\"\" class=\"wp-image-335\" srcset=\"https:\/\/www.monchiendereve.ca\/wp-content\/uploads\/2023\/07\/stress-1024x771.jpg 1024w, https:\/\/www.monchiendereve.ca\/wp-content\/uploads\/2023\/07\/stress-300x226.jpg 300w, https:\/\/www.monchiendereve.ca\/wp-content\/uploads\/2023\/07\/stress-768x578.jpg 768w, https:\/\/www.monchiendereve.ca\/wp-content\/uploads\/2023\/07\/stress.jpg 1056w\" sizes=\"auto, (max-width: 1024px) 100vw, 1024px\" \/><\/figure>\n\n\n\n<p>Votre chien a une petite, moyenne ou grande chaudi\u00e8re ?<\/p>\n\n\n\n<p>Pages suivantes sur l&rsquo;entrainement :<\/p>\n\n\n\n<p><a href=\"https:\/\/www.monchiendereve.ca\/index.php\/entrainement-par-concept\/presentation-des-jeux-par-concepts\/\">Pr\u00e9sentation des concepts<\/a> &#8211; <a href=\"https:\/\/www.monchiendereve.ca\/index.php\/entrainement-par-concept\/neuroscience-et-la-theorie-polyvagale\">La neuroscience et la th\u00e9orie polyvagale<\/a>  &#8211; <a href=\"https:\/\/www.monchiendereve.ca\/index.php\/entrainement-par-concept\/lenrichissement\/\">Les enrichissements<\/a> &#8211; <a href=\"https:\/\/www.monchiendereve.ca\/index.php\/entrainement-par-concept\/la-chaudiere-de-stress\/\">La chaudi\u00e8re de stress<\/a><\/p>\n","protected":false},"excerpt":{"rendered":"<p>Cette m\u00e9taphore de chaudi\u00e8re m\u2019a tellement allum\u00e9e de lumi\u00e8res que je me devais de vous la partager ! Ce fut une r\u00e9v\u00e9lation. Je ne comprenais pas pourquoi, certaines journ\u00e9es, tous allaient tr\u00e8s mal et d\u2019autres, il fr\u00f4lait la perfection ! Depuis que j\u2019en tiens compte, cela va tellement mieux ! Chaque chien (et chaque humain&#8230;<\/p>\n","protected":false},"author":1,"featured_media":0,"parent":146,"menu_order":3,"comment_status":"closed","ping_status":"closed","template":"","meta":{"iawp_total_views":95,"footnotes":""},"class_list":["post-273","page","type-page","status-publish","hentry"],"_links":{"self":[{"href":"https:\/\/www.monchiendereve.ca\/index.php\/wp-json\/wp\/v2\/pages\/273","targetHints":{"allow":["GET"]}}],"collection":[{"href":"https:\/\/www.monchiendereve.ca\/index.php\/wp-json\/wp\/v2\/pages"}],"about":[{"href":"https:\/\/www.monchiendereve.ca\/index.php\/wp-json\/wp\/v2\/types\/page"}],"author":[{"embeddable":true,"href":"https:\/\/www.monchiendereve.ca\/index.php\/wp-json\/wp\/v2\/users\/1"}],"replies":[{"embeddable":true,"href":"https:\/\/www.monchiendereve.ca\/index.php\/wp-json\/wp\/v2\/comments?post=273"}],"version-history":[{"count":14,"href":"https:\/\/www.monchiendereve.ca\/index.php\/wp-json\/wp\/v2\/pages\/273\/revisions"}],"predecessor-version":[{"id":490,"href":"https:\/\/www.monchiendereve.ca\/index.php\/wp-json\/wp\/v2\/pages\/273\/revisions\/490"}],"up":[{"embeddable":true,"href":"https:\/\/www.monchiendereve.ca\/index.php\/wp-json\/wp\/v2\/pages\/146"}],"wp:attachment":[{"href":"https:\/\/www.monchiendereve.ca\/index.php\/wp-json\/wp\/v2\/media?parent=273"}],"curies":[{"name":"wp","href":"https:\/\/api.w.org\/{rel}","templated":true}]}}