{"id":271,"date":"2023-07-27T19:22:08","date_gmt":"2023-07-27T19:22:08","guid":{"rendered":"https:\/\/www.monchiendereve.ca\/?page_id=271"},"modified":"2025-07-24T15:04:35","modified_gmt":"2025-07-24T15:04:35","slug":"lenrichissement","status":"publish","type":"page","link":"https:\/\/www.monchiendereve.ca\/index.php\/entrainement-par-concept\/lenrichissement\/","title":{"rendered":"L&rsquo;enrichissement."},"content":{"rendered":"\n<p>L&rsquo;enrichissement est un ensemble de strat\u00e9gies et d&rsquo;activit\u00e9s visant \u00e0 am\u00e9liorer la qualit\u00e9 de vie et le bien-\u00eatre mental de son chien. Diverses m\u00e9thodes sont utilis\u00e9es pour stimuler mentalement, pour combler le besoin d&rsquo;activit\u00e9, leur offrir des opportunit\u00e9s d&rsquo;exprimer leurs comportements naturels, et pr\u00e9venir l&rsquo;ennui, le stress et les comportements ind\u00e9sirables. <\/p>\n\n\n\n<p>Voici un tableau de d\u00e9pense du chien fort int\u00e9ressant montr\u00e9 en formation avec Dr Jo\u00ebl Dehasse<\/p>\n\n\n\n<figure class=\"wp-block-image size-full\"><img loading=\"lazy\" decoding=\"async\" width=\"759\" height=\"746\" src=\"https:\/\/www.monchiendereve.ca\/wp-content\/uploads\/2023\/07\/tempschienhumain.jpg\" alt=\"\" class=\"wp-image-323\" srcset=\"https:\/\/www.monchiendereve.ca\/wp-content\/uploads\/2023\/07\/tempschienhumain.jpg 759w, https:\/\/www.monchiendereve.ca\/wp-content\/uploads\/2023\/07\/tempschienhumain-300x295.jpg 300w\" sizes=\"auto, (max-width: 759px) 100vw, 759px\" \/><\/figure>\n\n\n\n<p><strong>\u00c9videmment, bien que la formule du Dr Jo\u00ebl Dehasse soit d\u00e9su\u00e8te, elle demeure une base int\u00e9ressante \u00e0 consid\u00e9rer dans son ensemble. Elle offre un bon aper\u00e7u des besoins fondamentaux du chien. Pendant longtemps, seules les promenades \u00e9taient prises en compte. Aujourd\u2019hui, on reconna\u00eet enfin que le chien a plusieurs besoins, tous aussi importants les uns que les autres comme la mastication et la stimulation mentale. Ce tableau reste \u00e9galement pertinent lorsqu\u2019on parle de la gestion de la chaudi\u00e8re du stress et de la fatigue chez le chien. Un besoin n\u00e9glig\u00e9 peut entra\u00eener une surcharge \u00e9motionnelle, tout comme un besoin mal combl\u00e9 peut cr\u00e9er une tension inutile au quotidien. <\/strong><\/p>\n\n\n\n<p><br>Lorsqu&rsquo;un chien ne re\u00e7oit pas suffisamment de stimulation physique et mentale, il peut devenir, anxieux ou pr\u00e9senter des comportements destructeurs.<\/p>\n\n\n\n<p>Voici quelques exemples d&rsquo;enrichissement pour chiens :<\/p>\n\n\n\n<ol style=\"list-style-type:1\" class=\"wp-block-list\">\n<li>Jouets interactifs : Des jouets qui offrent des d\u00e9fis mentaux aux chiens, tels que des puzzles alimentaires, des jouets qui distribuent des friandises, etc. <\/li>\n\n\n\n<li>Promenades vari\u00e9es : Explorer de nouveaux endroits et odeurs stimule l&rsquo;esprit du chien. Laisser son chien sentir lors des promenades est important ! Particuli\u00e8rement pour chien r\u00e9actif ou\/et anxieux ! Sortir dans la cour, le jardin seul est ennuyant pour le chien et ne comblera pas ce besoin a moins que la cour soit am\u00e9nag\u00e9e pour le chien. (Voir Point 3).<\/li>\n\n\n\n<li>L\u2019am\u00e9nagement de la cour, jardin avec des textures, Des coins pour creuser, des odeurs, des activit\u00e9s. <\/li>\n\n\n\n<li>Entra\u00eenement : L&rsquo;apprentissage de jeux, tours, (ou commande) stimule l&rsquo;intellect du chien et renforce le lien avec son propri\u00e9taire. Ici, c&rsquo;est le concept d&rsquo;Absolute Dog. Si vous faites 3 s\u00e9ances de 5 minutes par jour d\u2019activit\u00e9s intellectuelles vari\u00e9es votre chien aura une d\u00e9pense d\u2019\u00e9nergie d\u2019environ 2h \u00e0 3heures.<\/li>\n\n\n\n<li>Jeux d&rsquo;odorat.  Simple: Cacher des friandises ou des jouets dans la maison ou le jardin pour que le chien les cherche. Plus complexe: Apprendre au chien a reconnaitre des odeur. On peut commencer avec des poches de th\u00e9 par exemple !<\/li>\n\n\n\n<li>La mastication offre une d\u00e9pense d\u2019\u00e9nergie 3 fois plus grande qu\u2019une marche normale. Si votre chien gruge un os pendant une heure, il aura d\u00e9pens\u00e9 l\u2019\u00e9quivalent de 3 heures d\u2019\u00e9nergie.<\/li>\n\n\n\n<li>Musique apaisante : Certains chiens peuvent b\u00e9n\u00e9ficier de la musique douce pour se d\u00e9tendre. Des massages peuvent aussi \u00eatre b\u00e9n\u00e9fique.<\/li>\n<\/ol>\n\n\n\n<p>Chaque chien a ses besoins sp\u00e9cifiques, il est donc essentiel de prendre en compte ses pr\u00e9f\u00e9rences et capacit\u00e9s individuelles lors de la mise en place d&rsquo;activit\u00e9s d&rsquo;enrichissement. <\/p>\n\n\n\n<p>Autre point important. Il existe des niveaux de difficult\u00e9s ! M\u00eame dans la duret\u00e9 des os a gruger !&nbsp; Le saviez vous ?? Un tendon de b\u0153uf mince sera beaucoup plus facile qu&rsquo;un os, bois de cerf.  Wicket aimait les tendons. Depuis qu&rsquo;il n&rsquo;y a plus le droit, je n&rsquo;ai malheureusement rien trouv\u00e9 pour remplacer cela.<\/p>\n\n\n\n<p>Pour exemple, comme la majorit\u00e9, j\u2019ai achet\u00e9 le fameux Kong (c\u00f4ne rouge \/ noir)\u2026. Lors de l\u2019achat, une conseill\u00e8re \u00e0 l\u2019animalerie m\u2019a montr\u00e9 les petits mauves qui sont pour chiot, petit chien. Mais\u2026 il n\u2019a aucun int\u00e9r\u00eat pour cela. &nbsp;J\u2019ai achet\u00e9 des tonnes de jouets distributeur avant d\u2019apprendre qu\u2019il y avait un ordre de difficult\u00e9 et des pr\u00e9f\u00e9rences.&nbsp; Wicket pr\u00e9f\u00e8re clairement tous ce qui est en tissus !<br>Tranquillement, au fils des ann\u00e9es, il a adopt\u00e9 les tapis \u00e0 l\u00e9cher. Les kong ? Il les refuse toujours apr\u00e8s 5 ans.<br><br>L\u2019ordre de difficult\u00e9&nbsp;: (facile \u00e0 difficile)<\/p>\n\n\n\n<ul class=\"wp-block-list\">\n<li>Tr\u00e8s facile : Disperser nourriture (Cherche) &#8211; Tapis de fouille simple &#8211; tapis \u00e0 l\u00e9cher.<\/li>\n\n\n\n<li>Facile : Tapis a l\u00e9cher ( Il existe des textures de tapis plus difficile que d&rsquo;autres ) &#8211; jouet distributeur \u00e0 ouverture large &#8211; balle a grande ouverture.<\/li>\n\n\n\n<li>Moyen :  Kong et autres jouets a fourr\u00e9s a ouverture standard rond (non congel\u00e9)<\/li>\n\n\n\n<li>Difficile : Jouets a fourr\u00e9s a ouverture en + &#8211; Casse-t\u00eates interconnect\u00e9s &#8211; Le fameux Yeti   <\/li>\n<\/ul>\n\n\n\n<p>*Il est pr\u00e9f\u00e9rable d&rsquo;observer votre chien. S&rsquo;il d\u00e9truit ou refuse le jeu, c&rsquo;est souvent que le niveau de difficult\u00e9 est trop haut.  <\/p>\n\n\n\n<p><strong>Ma pr\u00e9f\u00e9rence :<\/strong> Les jeux de Hersenwerk ! On y apprend tous les degr\u00e9s de difficult\u00e9s dans ses jeux de casse-t\u00eates. C&rsquo;est tr\u00e8s complet. Si vous d\u00e9sirez en faire avec votre chien, ou en savoir plus, aller voir le facebook:  <a rel=\"noreferrer noopener\" href=\"https:\/\/www.facebook.com\/LesCasseTetesDeLucas\" target=\"_blank\">Les casse-t\u00eates de Lucas !<\/a> C&rsquo;est gratuit et vous apprendrez comment faire et les niveaux de difficult\u00e9s ! Ca vaut le d\u00e9tour ! Et Lucas est tellement beau ! \ud83d\ude0d<\/p>\n\n\n\n<figure class=\"wp-block-image size-full\"><a href=\"https:\/\/www.facebook.com\/LesCasseTetesDeLucas\/posts\/pfbid02mF5nsoKWdGBzs28a4cgzytxG3QjyzheCygJ8cNSBNXsK5GuBXBaJsAGpkqsmw6A3l\" target=\"_blank\" rel=\"noreferrer noopener\"><img loading=\"lazy\" decoding=\"async\" width=\"828\" height=\"465\" src=\"https:\/\/www.monchiendereve.ca\/wp-content\/uploads\/2023\/07\/221464280_347218800366547_6225155741734066148_n.png\" alt=\"\" class=\"wp-image-328\" srcset=\"https:\/\/www.monchiendereve.ca\/wp-content\/uploads\/2023\/07\/221464280_347218800366547_6225155741734066148_n.png 828w, https:\/\/www.monchiendereve.ca\/wp-content\/uploads\/2023\/07\/221464280_347218800366547_6225155741734066148_n-300x168.png 300w, https:\/\/www.monchiendereve.ca\/wp-content\/uploads\/2023\/07\/221464280_347218800366547_6225155741734066148_n-768x431.png 768w\" sizes=\"auto, (max-width: 828px) 100vw, 828px\" \/><\/a><\/figure>\n\n\n\n<p>Pages suivantes sur l&rsquo;entrainement :<\/p>\n\n\n\n<p><a href=\"https:\/\/www.monchiendereve.ca\/index.php\/entrainement-par-concept\/presentation-des-jeux-par-concepts\/\">Pr\u00e9sentation des concepts<\/a> &#8211; <a href=\"https:\/\/www.monchiendereve.ca\/index.php\/entrainement-par-concept\/neuroscience-et-la-theorie-polyvagale\">La neuroscience et la th\u00e9orie polyvagale<\/a>  &#8211; <a href=\"https:\/\/www.monchiendereve.ca\/index.php\/entrainement-par-concept\/lenrichissement\/\">Les enrichissements<\/a> &#8211; <a href=\"https:\/\/www.monchiendereve.ca\/index.php\/entrainement-par-concept\/la-chaudiere-de-stress\/\">La chaudi\u00e8re de stress<\/a><\/p>\n","protected":false},"excerpt":{"rendered":"<p>L&rsquo;enrichissement est un ensemble de strat\u00e9gies et d&rsquo;activit\u00e9s visant \u00e0 am\u00e9liorer la qualit\u00e9 de vie et le bien-\u00eatre mental de son chien. Diverses m\u00e9thodes sont utilis\u00e9es pour stimuler mentalement, pour combler le besoin d&rsquo;activit\u00e9, leur offrir des opportunit\u00e9s d&rsquo;exprimer leurs comportements naturels, et pr\u00e9venir l&rsquo;ennui, le stress et les comportements ind\u00e9sirables. Voici un tableau de&#8230;<\/p>\n","protected":false},"author":1,"featured_media":354,"parent":146,"menu_order":2,"comment_status":"closed","ping_status":"closed","template":"","meta":{"iawp_total_views":307,"footnotes":""},"class_list":["post-271","page","type-page","status-publish","has-post-thumbnail","hentry"],"_links":{"self":[{"href":"https:\/\/www.monchiendereve.ca\/index.php\/wp-json\/wp\/v2\/pages\/271","targetHints":{"allow":["GET"]}}],"collection":[{"href":"https:\/\/www.monchiendereve.ca\/index.php\/wp-json\/wp\/v2\/pages"}],"about":[{"href":"https:\/\/www.monchiendereve.ca\/index.php\/wp-json\/wp\/v2\/types\/page"}],"author":[{"embeddable":true,"href":"https:\/\/www.monchiendereve.ca\/index.php\/wp-json\/wp\/v2\/users\/1"}],"replies":[{"embeddable":true,"href":"https:\/\/www.monchiendereve.ca\/index.php\/wp-json\/wp\/v2\/comments?post=271"}],"version-history":[{"count":20,"href":"https:\/\/www.monchiendereve.ca\/index.php\/wp-json\/wp\/v2\/pages\/271\/revisions"}],"predecessor-version":[{"id":1778,"href":"https:\/\/www.monchiendereve.ca\/index.php\/wp-json\/wp\/v2\/pages\/271\/revisions\/1778"}],"up":[{"embeddable":true,"href":"https:\/\/www.monchiendereve.ca\/index.php\/wp-json\/wp\/v2\/pages\/146"}],"wp:featuredmedia":[{"embeddable":true,"href":"https:\/\/www.monchiendereve.ca\/index.php\/wp-json\/wp\/v2\/media\/354"}],"wp:attachment":[{"href":"https:\/\/www.monchiendereve.ca\/index.php\/wp-json\/wp\/v2\/media?parent=271"}],"curies":[{"name":"wp","href":"https:\/\/api.w.org\/{rel}","templated":true}]}}