{"id":151,"date":"2023-07-16T11:55:38","date_gmt":"2023-07-16T11:55:38","guid":{"rendered":"https:\/\/www.monchiendereve.ca\/?page_id=151"},"modified":"2024-03-08T18:00:47","modified_gmt":"2024-03-08T18:00:47","slug":"presentation-des-jeux-par-concepts","status":"publish","type":"page","link":"https:\/\/www.monchiendereve.ca\/index.php\/entrainement-par-concept\/presentation-des-jeux-par-concepts\/","title":{"rendered":"Pr\u00e9sentation des jeux par concepts"},"content":{"rendered":"\n<p>Parce que le jeu, c\u2019est le fun !<\/p>\n\n\n\n<p>Les enfants apprennent par le jeu et un chien a l\u2019intelligence d\u2019un enfant pr\u00e9scolaire.&nbsp;\ud83d\ude0a<\/p>\n\n\n\n<p>Cet approche de l\u2019entra\u00eenement canin est bas\u00e9e sur le jeu, qui est une m\u00e9thode efficace et amusante pour enseigner aux chiens de nouveaux comportements. (On d\u00e9sire remplacer un mauvais choix, par un bon choix (ex\u00a0: au lieu de sauter sur la visite, on va lui apprendre un jeu comme s\u2019assoir au milieu de nos jambes.) Mais pas que&#8230;<\/p>\n\n\n\n<p>Contrairement a l\u2019\u00e9ducation standard, nous travaillons sur les aptitudes du chien plut\u00f4t que sur le comportement, on ne donnera pas d\u2019ordre au chien (ex assis, couch\u00e9, attend) On lui apprend plut\u00f4t le comportement d\u00e9sir\u00e9 en jouant !!<br>Ce qui va aider la relation humain-chien en \u00e9vitant les \u00ab\u00a0disputes\u00a0\u00bb, les chiens t\u00eatus, en opposition.<\/p>\n\n\n\n<p>Ce concept a \u00e9t\u00e9 d\u00e9velopp\u00e9 par Tom Mitchell, v\u00e9t\u00e9rinaire comportementaliste reconnu internationalement et qui a fait ses preuves depuis de nombreuses ann\u00e9es. C\u2019est d\u2019ailleurs aupr\u00e8s de lui que j\u2019ai appris la m\u00e9thode par concept, (je suis encore en apprentissage aupr\u00e8s de lui) d\u2019abord pour aider mon chien vivant plusieurs probl\u00e9matiques.<\/p>\n\n\n\n<p>Cet entrainement canin est bas\u00e9 sur l\u2019utilisation de jeux pour enseigner des comportements mais surtout des comp\u00e9tences \u00e0 un chien. Parce que c&rsquo;est dans le cerveau que tous se joue.  Puisque le jeu est un moyen amusant et efficace, il engage un chien dans un apprentissage actif, il stimule son esprit et encourage l\u2019exploration et l\u2019exp\u00e9rimentation. Ces concepts sont enseign\u00e9s <strong><u>en dehors de la situation, POUR la situation<\/u><\/strong>. De plus, les jeux peuvent \u00eatre utilis\u00e9 sur des chiens de toutes races et de tous \u00e2ges.<\/p>\n\n\n\n<p>Exemple, un chien qui se frustre en laisse.&nbsp; Il va d\u00e9velopper sa tol\u00e9rance par des jeux qui vont lui apprendre la patience et l\u2019attente ! Plus il joue, meilleur il va devenir. On va donc apprendre au chien, les comp\u00e9tences qu\u2019ils lui manque pour tel ou tel situation. On apprend alors la marche en laisse \u00e0 l&rsquo;int\u00e9rieur, sans stress et sans \u00e9chec !&nbsp; Avec confiance et optimiste pour vous deux (le chien et l\u2019humain) Puis, comme le chien apprend avec du plaisir, les notions sont acquises plus rapidement.<\/p>\n\n\n\n<p><br>\u00ab&nbsp;Mais je travaille !&nbsp;\u00bb Je n\u2019ai pas le temps de passer mes journ\u00e9es a jouer avec mon chien !&nbsp;\u00bb<\/p>\n\n\n\n<p>Rassurez vous !<br>On conseille d\u2019avoir un 20 min de temps de qualit\u00e9 pour un enfant. Pour un chien ? 10 min par jour suffisent ! Et encore\u2026 ce sont des jeux de 3 min a faire 2 \u00e0 3 fois par jour, 5 \u00e0 6 jours semaine. &nbsp;<\/p>\n\n\n\n<p>Alors, on joue !?<\/p>\n\n\n\n<p>Pour le lien vers le site d&rsquo;Absolute Dogs (anglais) cliquez sur l&rsquo;image ci dessous:<\/p>\n\n\n\n<p><a href=\"https:\/\/absolute-dogs.com\/\" target=\"_blank\" rel=\"noreferrer noopener\"><img loading=\"lazy\" decoding=\"async\" width=\"150\" height=\"54\" class=\"wp-image-164\" style=\"width: 150px;\" src=\"https:\/\/www.monchiendereve.ca\/wp-content\/uploads\/2023\/07\/absolute.jpg\" alt=\"absolutedogs\" srcset=\"https:\/\/www.monchiendereve.ca\/wp-content\/uploads\/2023\/07\/absolute.jpg 556w, https:\/\/www.monchiendereve.ca\/wp-content\/uploads\/2023\/07\/absolute-300x108.jpg 300w\" sizes=\"auto, (max-width: 150px) 100vw, 150px\" \/><\/a><\/p>\n\n\n\n<p>Mon certificat d&rsquo;entraineur canin PDT<\/p>\n\n\n\n<p><img loading=\"lazy\" decoding=\"async\" width=\"150\" height=\"211\" class=\"wp-image-165\" style=\"width: 150px;\" src=\"https:\/\/www.monchiendereve.ca\/wp-content\/uploads\/2023\/07\/certificatPDT.jpg\" alt=\"certificat d'entraineur canin\" srcset=\"https:\/\/www.monchiendereve.ca\/wp-content\/uploads\/2023\/07\/certificatPDT.jpg 504w, https:\/\/www.monchiendereve.ca\/wp-content\/uploads\/2023\/07\/certificatPDT-213x300.jpg 213w\" sizes=\"auto, (max-width: 150px) 100vw, 150px\" \/><\/p>\n\n\n\n<p>Pages suivantes sur l&rsquo;entrainement :<\/p>\n\n\n\n<p><a href=\"https:\/\/www.monchiendereve.ca\/index.php\/entrainement-par-concept\/presentation-des-jeux-par-concepts\/\">Pr\u00e9sentation des concepts<\/a> &#8211; <a href=\"https:\/\/www.monchiendereve.ca\/index.php\/entrainement-par-concept\/lenrichissement\/\">Les enrichissements<\/a> &#8211; <a href=\"https:\/\/www.monchiendereve.ca\/index.php\/entrainement-par-concept\/la-chaudiere-de-stress\/\">La chaudi\u00e8re de stress<\/a> &#8211; autres a venir<\/p>\n","protected":false},"excerpt":{"rendered":"<p>Parce que le jeu, c\u2019est le fun ! Les enfants apprennent par le jeu et un chien a l\u2019intelligence d\u2019un enfant pr\u00e9scolaire.&nbsp;\ud83d\ude0a Cet approche de l\u2019entra\u00eenement canin est bas\u00e9e sur le jeu, qui est une m\u00e9thode efficace et amusante pour enseigner aux chiens de nouveaux comportements. (On d\u00e9sire remplacer un mauvais choix, par un bon&#8230;<\/p>\n","protected":false},"author":1,"featured_media":0,"parent":146,"menu_order":0,"comment_status":"closed","ping_status":"closed","template":"","meta":{"iawp_total_views":77,"footnotes":""},"class_list":["post-151","page","type-page","status-publish","hentry"],"_links":{"self":[{"href":"https:\/\/www.monchiendereve.ca\/index.php\/wp-json\/wp\/v2\/pages\/151","targetHints":{"allow":["GET"]}}],"collection":[{"href":"https:\/\/www.monchiendereve.ca\/index.php\/wp-json\/wp\/v2\/pages"}],"about":[{"href":"https:\/\/www.monchiendereve.ca\/index.php\/wp-json\/wp\/v2\/types\/page"}],"author":[{"embeddable":true,"href":"https:\/\/www.monchiendereve.ca\/index.php\/wp-json\/wp\/v2\/users\/1"}],"replies":[{"embeddable":true,"href":"https:\/\/www.monchiendereve.ca\/index.php\/wp-json\/wp\/v2\/comments?post=151"}],"version-history":[{"count":8,"href":"https:\/\/www.monchiendereve.ca\/index.php\/wp-json\/wp\/v2\/pages\/151\/revisions"}],"predecessor-version":[{"id":1184,"href":"https:\/\/www.monchiendereve.ca\/index.php\/wp-json\/wp\/v2\/pages\/151\/revisions\/1184"}],"up":[{"embeddable":true,"href":"https:\/\/www.monchiendereve.ca\/index.php\/wp-json\/wp\/v2\/pages\/146"}],"wp:attachment":[{"href":"https:\/\/www.monchiendereve.ca\/index.php\/wp-json\/wp\/v2\/media?parent=151"}],"curies":[{"name":"wp","href":"https:\/\/api.w.org\/{rel}","templated":true}]}}