{"id":107,"date":"2023-07-14T17:25:25","date_gmt":"2023-07-14T17:25:25","guid":{"rendered":"https:\/\/www.monchiendereve.ca\/?page_id=107"},"modified":"2023-08-12T17:24:12","modified_gmt":"2023-08-12T17:24:12","slug":"a-propos","status":"publish","type":"page","link":"https:\/\/www.monchiendereve.ca\/index.php\/a-propos\/","title":{"rendered":"A propos"},"content":{"rendered":"\n<p>\u00c9ducatrice en petite enfance (0-5ans) , passionn\u00e9e des chats (et oui!) Je suis \u00e9galement form\u00e9e professeur de yoga et m\u00e9ditation. Je me d\u00e9couvre alors une passion pour la pratique de la m\u00e9ditation.  Pour autant, je n&rsquo;\u00e9tais cependant pas convaincue par son aspect parfois trop religieux. J&rsquo;ai donc approfondi mes connaissances en m\u00e9ditation de pleine conscience et en coh\u00e9rence cardiaque.<\/p>\n\n\n\n<p>Alors voil\u00e0&#8230;. <br>Entraineur(se) comportementaliste par concept de jeux n&rsquo;\u00e9tait vraiment pas dans mes projets ! C&rsquo;est pourtant le chemin que je prend, pas pour en faire mon m\u00e9tier mais pour aider mon chien dans ses apprentissages. . <\/p>\n\n\n\n<figure class=\"wp-block-image size-large\"><img loading=\"lazy\" decoding=\"async\" width=\"1024\" height=\"990\" src=\"https:\/\/www.monchiendereve.ca\/wp-content\/uploads\/2023\/07\/moi-1024x990.jpg\" alt=\"auteur\" class=\"wp-image-106\" srcset=\"https:\/\/www.monchiendereve.ca\/wp-content\/uploads\/2023\/07\/moi-1024x990.jpg 1024w, https:\/\/www.monchiendereve.ca\/wp-content\/uploads\/2023\/07\/moi-300x290.jpg 300w, https:\/\/www.monchiendereve.ca\/wp-content\/uploads\/2023\/07\/moi-768x742.jpg 768w, https:\/\/www.monchiendereve.ca\/wp-content\/uploads\/2023\/07\/moi.jpg 1200w\" sizes=\"auto, (max-width: 1024px) 100vw, 1024px\" \/><figcaption class=\"wp-element-caption\">Jo-anne<\/figcaption><\/figure>\n\n\n\n<p><a href=\"https:\/\/www.monchiendereve.ca\/index.php\/a-propos\/\">A propos<\/a> &#8211; <a href=\"https:\/\/www.monchiendereve.ca\/index.php\/a-propos\/mes-formations\/\">Mes formations<\/a><\/p>\n\n\n\n<p><\/p>\n\n\n\n<p><\/p>\n\n\n\n<p>&#8211;<br><\/p>\n","protected":false},"excerpt":{"rendered":"<p>\u00c9ducatrice en petite enfance (0-5ans) , passionn\u00e9e des chats (et oui!) Je suis \u00e9galement form\u00e9e professeur de yoga et m\u00e9ditation. Je me d\u00e9couvre alors une passion pour la pratique de la m\u00e9ditation. Pour autant, je n&rsquo;\u00e9tais cependant pas convaincue par son aspect parfois trop religieux. J&rsquo;ai donc approfondi mes connaissances en m\u00e9ditation de pleine conscience&#8230;<\/p>\n","protected":false},"author":1,"featured_media":0,"parent":0,"menu_order":0,"comment_status":"closed","ping_status":"closed","template":"","meta":{"iawp_total_views":83,"footnotes":""},"class_list":["post-107","page","type-page","status-publish","hentry"],"_links":{"self":[{"href":"https:\/\/www.monchiendereve.ca\/index.php\/wp-json\/wp\/v2\/pages\/107","targetHints":{"allow":["GET"]}}],"collection":[{"href":"https:\/\/www.monchiendereve.ca\/index.php\/wp-json\/wp\/v2\/pages"}],"about":[{"href":"https:\/\/www.monchiendereve.ca\/index.php\/wp-json\/wp\/v2\/types\/page"}],"author":[{"embeddable":true,"href":"https:\/\/www.monchiendereve.ca\/index.php\/wp-json\/wp\/v2\/users\/1"}],"replies":[{"embeddable":true,"href":"https:\/\/www.monchiendereve.ca\/index.php\/wp-json\/wp\/v2\/comments?post=107"}],"version-history":[{"count":19,"href":"https:\/\/www.monchiendereve.ca\/index.php\/wp-json\/wp\/v2\/pages\/107\/revisions"}],"predecessor-version":[{"id":475,"href":"https:\/\/www.monchiendereve.ca\/index.php\/wp-json\/wp\/v2\/pages\/107\/revisions\/475"}],"wp:attachment":[{"href":"https:\/\/www.monchiendereve.ca\/index.php\/wp-json\/wp\/v2\/media?parent=107"}],"curies":[{"name":"wp","href":"https:\/\/api.w.org\/{rel}","templated":true}]}}